{"id":508,"date":"2025-06-27T13:58:10","date_gmt":"2025-06-27T13:58:10","guid":{"rendered":"https:\/\/nacrestudio.es\/inici\/"},"modified":"2026-01-21T15:53:19","modified_gmt":"2026-01-21T15:53:19","slug":"inici","status":"publish","type":"page","link":"https:\/\/nacrestudio.es\/ca\/","title":{"rendered":"Inici"},"content":{"rendered":"<p>[et_pb_section fb_built=&#8221;1&#8243; _builder_version=&#8221;4.27.4&#8243; _module_preset=&#8221;default&#8221; background_image=&#8221;https:\/\/nacrestudio.es\/wp-content\/uploads\/2025\/06\/nacre-studio-mcristina.png&#8221; custom_padding=&#8221;196px||196px||true|&#8221; global_colors_info=&#8221;{}&#8221;][et_pb_row column_structure=&#8221;3_5,2_5&#8243; _builder_version=&#8221;4.27.4&#8243; _module_preset=&#8221;default&#8221; global_colors_info=&#8221;{}&#8221;][et_pb_column type=&#8221;3_5&#8243; _builder_version=&#8221;4.27.4&#8243; _module_preset=&#8221;default&#8221; global_colors_info=&#8221;{}&#8221;][et_pb_text _builder_version=&#8221;4.27.4&#8243; _module_preset=&#8221;default&#8221; header_font=&#8221;maleah|||on|||||&#8221; header_text_color=&#8221;#4D4545&#8243; header_font_size=&#8221;70px&#8221; header_2_font=&#8221;Ruda||||||||&#8221; header_2_text_color=&#8221;#4D4545&#8243; header_2_font_size=&#8221;22px&#8221; header_2_letter_spacing=&#8221;9px&#8221; custom_margin=&#8221;||4px|||&#8221; custom_padding=&#8221;||11px|||&#8221; global_colors_info=&#8221;{}&#8221;]<\/p>\n<h1 style=\"text-align: left;\">Nacre Studio<\/h1>\n<h2>Estudi de comunicaci\u00f3<\/h2>\n<p>[\/et_pb_text][et_pb_button button_url=&#8221;https:\/\/nacrestudio.es\/ca\/portfoli\/&#8221; button_text=&#8221;Consulta el portfoli&#8221; _builder_version=&#8221;4.27.4&#8243; _module_preset=&#8221;default&#8221; custom_button=&#8221;on&#8221; button_text_size=&#8221;18px&#8221; button_text_color=&#8221;#FFFFFF&#8221; button_bg_color=&#8221;#4D4545&#8243; button_border_width=&#8221;2px&#8221; button_border_color=&#8221;#4D4545&#8243; button_border_radius=&#8221;7px&#8221; button_font=&#8221;Ruda||||||||&#8221; button_icon=&#8221;&#x35;||divi||400&#8243; button_icon_color=&#8221;#FFFFFF&#8221; global_colors_info=&#8221;{}&#8221;][\/et_pb_button][\/et_pb_column][et_pb_column type=&#8221;2_5&#8243; _builder_version=&#8221;4.27.4&#8243; _module_preset=&#8221;default&#8221; global_colors_info=&#8221;{}&#8221;][\/et_pb_column][\/et_pb_row][\/et_pb_section][et_pb_section fb_built=&#8221;1&#8243; _builder_version=&#8221;4.27.4&#8243; _module_preset=&#8221;default&#8221; background_color=&#8221;rgba(229,219,211,0.29)&#8221; global_colors_info=&#8221;{}&#8221;][et_pb_row column_structure=&#8221;1_2,1_2&#8243; _builder_version=&#8221;4.27.4&#8243; _module_preset=&#8221;default&#8221; global_colors_info=&#8221;{}&#8221;][et_pb_column type=&#8221;1_2&#8243; _builder_version=&#8221;4.27.4&#8243; _module_preset=&#8221;default&#8221; global_colors_info=&#8221;{}&#8221;][et_pb_text _builder_version=&#8221;4.27.4&#8243; _module_preset=&#8221;default&#8221; header_2_font=&#8221;maleah||||||||&#8221; header_2_text_color=&#8221;#4D4545&#8243; header_2_font_size=&#8221;50px&#8221; custom_margin=&#8221;38px|||||&#8221; global_colors_info=&#8221;{}&#8221;]<\/p>\n<h2>Estudi de comunicaci\u00f3<\/h2>\n<p>[\/et_pb_text][et_pb_text _builder_version=&#8221;4.27.4&#8243; _module_preset=&#8221;default&#8221; text_text_color=&#8221;#4D4545&#8243; global_colors_info=&#8221;{}&#8221;]<\/p>\n<p>Benvingut\/da a un espai de creaci\u00f3, on qualsevol idea \u00e9s v\u00e0lida, encara que no tinguis gaire clar com fer-ho. A trav\u00e9s de la conversa, prenent un caf\u00e8, analitzarem el que necessites i com podem aconseguir-ho. <\/p>\n<p>Tenir una bona comunicaci\u00f3 amb els clients suposa la creaci\u00f3 d&#8217;un vincle especial, que far\u00e0 que relacionin la marca amb un record positiu i agradable. I aquest tipus de record, ens agrada molt. <\/p>\n<p>Som el que ens mou, i un negoci propi \u00e9s una extensi\u00f3 de nosaltres mateixes. El meu objectiu \u00e9s que aquesta extensi\u00f3 formi part de tu, que descrigui qui ets i que els teus clients ho vegin. <\/p>\n<p>[\/et_pb_text][et_pb_button button_text=&#8221;Descobreix qui s\u00f3c&#8221; _builder_version=&#8221;4.27.4&#8243; _module_preset=&#8221;default&#8221; custom_button=&#8221;on&#8221; button_text_size=&#8221;18px&#8221; button_text_color=&#8221;#FFFFFF&#8221; button_bg_color=&#8221;#4D4545&#8243; button_border_width=&#8221;2px&#8221; button_border_color=&#8221;#4D4545&#8243; button_border_radius=&#8221;7px&#8221; button_font=&#8221;Ruda||||||||&#8221; button_icon=&#8221;&#x35;||divi||400&#8243; button_icon_color=&#8221;#FFFFFF&#8221; global_colors_info=&#8221;{}&#8221;][\/et_pb_button][\/et_pb_column][et_pb_column type=&#8221;1_2&#8243; _builder_version=&#8221;4.27.4&#8243; _module_preset=&#8221;default&#8221; global_colors_info=&#8221;{}&#8221;][et_pb_image src=&#8221;https:\/\/nacrestudio.es\/wp-content\/uploads\/2025\/11\/nacre-studio-6.png&#8221; alt=&#8221;nacre-studio-comunicaci\u00f3&#8221; title_text=&#8221;nacre-studio&#8221; align=&#8221;center&#8221; _builder_version=&#8221;4.27.4&#8243; _module_preset=&#8221;default&#8221; width=&#8221;74%&#8221; custom_margin=&#8221;35px||0px|||&#8221; global_colors_info=&#8221;{}&#8221;][\/et_pb_image][\/et_pb_column][\/et_pb_row][\/et_pb_section][et_pb_section fb_built=&#8221;1&#8243; _builder_version=&#8221;4.27.4&#8243; _module_preset=&#8221;default&#8221; global_colors_info=&#8221;{}&#8221;][et_pb_row column_structure=&#8221;1_2,1_6,1_6,1_6&#8243; _builder_version=&#8221;4.27.4&#8243; _module_preset=&#8221;default&#8221; global_colors_info=&#8221;{}&#8221;][et_pb_column type=&#8221;1_2&#8243; _builder_version=&#8221;4.27.4&#8243; _module_preset=&#8221;default&#8221; global_colors_info=&#8221;{}&#8221;][et_pb_text _builder_version=&#8221;4.27.4&#8243; _module_preset=&#8221;default&#8221; header_2_font=&#8221;maleah||||||||&#8221; header_2_text_color=&#8221;#4D4545&#8243; header_2_font_size=&#8221;50px&#8221; custom_margin=&#8221;70px|||||&#8221; global_colors_info=&#8221;{}&#8221;]<\/p>\n<h2>En qu\u00e8 et puc ajudar?<\/h2>\n<p>[\/et_pb_text][et_pb_button button_text=&#8221;Consulta tots els serveis&#8221; _builder_version=&#8221;4.27.4&#8243; _module_preset=&#8221;default&#8221; custom_button=&#8221;on&#8221; button_text_size=&#8221;18px&#8221; button_text_color=&#8221;#FFFFFF&#8221; button_bg_color=&#8221;#4D4545&#8243; button_border_width=&#8221;2px&#8221; button_border_color=&#8221;#4D4545&#8243; button_border_radius=&#8221;7px&#8221; button_font=&#8221;Ruda||||||||&#8221; button_icon=&#8221;&#x35;||divi||400&#8243; global_colors_info=&#8221;{}&#8221;][\/et_pb_button][\/et_pb_column][et_pb_column type=&#8221;1_6&#8243; _builder_version=&#8221;4.27.4&#8243; _module_preset=&#8221;default&#8221; global_colors_info=&#8221;{}&#8221;][et_pb_image src=&#8221;https:\/\/nacrestudio.es\/wp-content\/uploads\/2025\/06\/nacre-studio-web.png&#8221; alt=&#8221;nacre-studio-web&#8221; title_text=&#8221;nacre-studio-web&#8221; _builder_version=&#8221;4.27.4&#8243; _module_preset=&#8221;default&#8221; custom_margin=&#8221;|-44px||||&#8221; global_colors_info=&#8221;{}&#8221;][\/et_pb_image][et_pb_text _builder_version=&#8221;4.27.4&#8243; _module_preset=&#8221;default&#8221; header_3_font=&#8221;maleah|700|||||||&#8221; header_3_text_align=&#8221;center&#8221; header_3_text_color=&#8221;#4D4545&#8243; header_3_font_size=&#8221;23px&#8221; text_orientation=&#8221;center&#8221; global_colors_info=&#8221;{}&#8221;]<\/p>\n<h3>P\u00e0gines web<\/h3>\n<p>[\/et_pb_text][\/et_pb_column][et_pb_column type=&#8221;1_6&#8243; _builder_version=&#8221;4.27.4&#8243; _module_preset=&#8221;default&#8221; global_colors_info=&#8221;{}&#8221;][et_pb_image src=&#8221;https:\/\/nacrestudio.es\/wp-content\/uploads\/2025\/06\/nacre-studio-redes-sociales.png&#8221; alt=&#8221;nacre-studio-xarxes-socials&#8221; title_text=&#8221;nacre-studio-xarxes-socials&#8221; _builder_version=&#8221;4.27.4&#8243; _module_preset=&#8221;default&#8221; custom_margin=&#8221;|-44px||||&#8221; custom_padding=&#8221;|0px||||&#8221; global_colors_info=&#8221;{}&#8221;][\/et_pb_image][et_pb_text _builder_version=&#8221;4.27.4&#8243; _module_preset=&#8221;default&#8221; header_3_font=&#8221;maleah|700|||||||&#8221; header_3_text_align=&#8221;center&#8221; header_3_text_color=&#8221;#4D4545&#8243; header_3_font_size=&#8221;23px&#8221; global_colors_info=&#8221;{}&#8221;]<\/p>\n<h3>Xarxes socials<\/h3>\n<p>[\/et_pb_text][\/et_pb_column][et_pb_column type=&#8221;1_6&#8243; _builder_version=&#8221;4.27.4&#8243; _module_preset=&#8221;default&#8221; global_colors_info=&#8221;{}&#8221;][et_pb_image src=&#8221;https:\/\/nacrestudio.es\/wp-content\/uploads\/2025\/07\/Nacre-studio-web-.png&#8221; alt=&#8221;nacre-studio-fotografia&#8221; title_text=&#8221;nacre-studio-fotografia&#8221; _builder_version=&#8221;4.27.4&#8243; _module_preset=&#8221;default&#8221; custom_margin=&#8221;|-44px||||&#8221; global_colors_info=&#8221;{}&#8221;][\/et_pb_image][et_pb_text _builder_version=&#8221;4.27.4&#8243; _module_preset=&#8221;default&#8221; header_3_font=&#8221;maleah|700|||||||&#8221; header_3_text_color=&#8221;#4D4545&#8243; header_3_font_size=&#8221;23px&#8221; text_orientation=&#8221;center&#8221; global_colors_info=&#8221;{}&#8221;]<\/p>\n<h3>Disseny gr\u00e0fic<\/h3>\n<p>[\/et_pb_text][\/et_pb_column][\/et_pb_row][\/et_pb_section][et_pb_section fb_built=&#8221;1&#8243; _builder_version=&#8221;4.27.4&#8243; _module_preset=&#8221;default&#8221; background_color=&#8221;rgba(229,219,211,0.29)&#8221; global_colors_info=&#8221;{}&#8221;][et_pb_row _builder_version=&#8221;4.27.4&#8243; _module_preset=&#8221;default&#8221; global_colors_info=&#8221;{}&#8221;][et_pb_column type=&#8221;4_4&#8243; _builder_version=&#8221;4.27.4&#8243; _module_preset=&#8221;default&#8221; global_colors_info=&#8221;{}&#8221;][et_pb_text _builder_version=&#8221;4.27.4&#8243; _module_preset=&#8221;default&#8221; header_2_font=&#8221;maleah||||||||&#8221; header_2_text_color=&#8221;#4D4545&#8243; header_2_font_size=&#8221;50px&#8221; text_orientation=&#8221;center&#8221; global_colors_info=&#8221;{}&#8221;]<\/p>\n<h2>Tens curiositat per veure alguns projectes?<\/h2>\n<p>[\/et_pb_text][\/et_pb_column][\/et_pb_row][et_pb_row column_structure=&#8221;1_3,1_3,1_3&#8243; _builder_version=&#8221;4.27.4&#8243; _module_preset=&#8221;default&#8221; global_colors_info=&#8221;{}&#8221;][et_pb_column type=&#8221;1_3&#8243; _builder_version=&#8221;4.27.4&#8243; _module_preset=&#8221;default&#8221; global_colors_info=&#8221;{}&#8221;][et_pb_blurb title=&#8221;P\u00e0gina web &#8211; Felisa Bakery&#8221; image=&#8221;https:\/\/nacrestudio.es\/wp-content\/uploads\/2025\/07\/Felisa-bakery-web.png&#8221; _builder_version=&#8221;4.27.4&#8243; _module_preset=&#8221;default&#8221; header_level=&#8221;h3&#8243; header_font=&#8221;Ruda|500|||||||&#8221; header_text_align=&#8221;center&#8221; header_text_color=&#8221;#4D4545&#8243; header_font_size=&#8221;18px&#8221; global_colors_info=&#8221;{}&#8221;][\/et_pb_blurb][\/et_pb_column][et_pb_column type=&#8221;1_3&#8243; _builder_version=&#8221;4.27.4&#8243; _module_preset=&#8221;default&#8221; global_colors_info=&#8221;{}&#8221;][et_pb_blurb title=&#8221;Campanya de prevenci\u00f3 &#8211; Cl\u00ednicaMent&#8221; image=&#8221;https:\/\/nacrestudio.es\/wp-content\/uploads\/2025\/07\/clinicament-campanya-prevencio.png&#8221; _builder_version=&#8221;4.27.4&#8243; _module_preset=&#8221;default&#8221; header_level=&#8221;h3&#8243; header_font=&#8221;Ruda|500|||||||&#8221; header_text_align=&#8221;center&#8221; header_text_color=&#8221;#4D4545&#8243; header_font_size=&#8221;18px&#8221; global_colors_info=&#8221;{}&#8221;][\/et_pb_blurb][\/et_pb_column][et_pb_column type=&#8221;1_3&#8243; _builder_version=&#8221;4.27.4&#8243; _module_preset=&#8221;default&#8221; global_colors_info=&#8221;{}&#8221;][et_pb_blurb title=&#8221;P\u00e0gina web &#8211; N&#039;Apolonia Pizzeria&#8221; image=&#8221;https:\/\/nacrestudio.es\/wp-content\/uploads\/2025\/07\/napolonia-pizzeria-web.png&#8221; _builder_version=&#8221;4.27.4&#8243; _module_preset=&#8221;default&#8221; header_level=&#8221;h3&#8243; header_font=&#8221;Ruda|500|||||||&#8221; header_text_align=&#8221;center&#8221; header_text_color=&#8221;#4D4545&#8243; header_font_size=&#8221;18px&#8221; global_colors_info=&#8221;{}&#8221;][\/et_pb_blurb][\/et_pb_column][\/et_pb_row][et_pb_row _builder_version=&#8221;4.27.4&#8243; _module_preset=&#8221;default&#8221; global_colors_info=&#8221;{}&#8221;][et_pb_column type=&#8221;4_4&#8243; _builder_version=&#8221;4.27.4&#8243; _module_preset=&#8221;default&#8221; global_colors_info=&#8221;{}&#8221;][et_pb_button button_text=&#8221;Tots els projectes&#8221; button_alignment=&#8221;center&#8221; _builder_version=&#8221;4.27.4&#8243; _module_preset=&#8221;default&#8221; custom_button=&#8221;on&#8221; button_text_size=&#8221;18px&#8221; button_text_color=&#8221;#FFFFFF&#8221; button_bg_color=&#8221;#4D4545&#8243; button_border_width=&#8221;2px&#8221; button_border_color=&#8221;#4D4545&#8243; button_border_radius=&#8221;7px&#8221; button_font=&#8221;Ruda||||||||&#8221; button_icon=&#8221;&#x35;||divi||400&#8243; button_icon_color=&#8221;#FFFFFF&#8221; global_colors_info=&#8221;{}&#8221;][\/et_pb_button][\/et_pb_column][\/et_pb_row][\/et_pb_section][et_pb_section fb_built=&#8221;1&#8243; disabled_on=&#8221;on|on|on&#8221; _builder_version=&#8221;4.27.4&#8243; _module_preset=&#8221;default&#8221; background_color=&#8221;#FFFFFF&#8221; disabled=&#8221;on&#8221; global_colors_info=&#8221;{}&#8221;][et_pb_row column_structure=&#8221;3_5,2_5&#8243; _builder_version=&#8221;4.27.4&#8243; _module_preset=&#8221;default&#8221; global_colors_info=&#8221;{}&#8221;][et_pb_column type=&#8221;3_5&#8243; _builder_version=&#8221;4.27.4&#8243; _module_preset=&#8221;default&#8221; global_colors_info=&#8221;{}&#8221;][et_pb_gallery gallery_ids=&#8221;492,493&#8243; fullwidth=&#8221;on&#8221; _builder_version=&#8221;4.27.4&#8243; _module_preset=&#8221;default&#8221; pagination_text_color=&#8221;#FFFFFF&#8221; background_enable_color=&#8221;off&#8221; box_shadow_style=&#8221;preset3&#8243; global_colors_info=&#8221;{}&#8221;][\/et_pb_gallery][et_pb_button button_text=&#8221;Necessito targetes de visita&#8221; button_alignment=&#8221;center&#8221; _builder_version=&#8221;4.27.4&#8243; _module_preset=&#8221;default&#8221; custom_button=&#8221;on&#8221; button_text_size=&#8221;18px&#8221; button_text_color=&#8221;#FFFFFF&#8221; button_bg_color=&#8221;#4D4545&#8243; button_border_width=&#8221;2px&#8221; button_border_color=&#8221;#4D4545&#8243; button_border_radius=&#8221;7px&#8221; button_font=&#8221;Ruda||||||||&#8221; button_icon=&#8221;&#x35;||divi||400&#8243; button_icon_color=&#8221;#FFFFFF&#8221; global_colors_info=&#8221;{}&#8221;][\/et_pb_button][\/et_pb_column][et_pb_column type=&#8221;2_5&#8243; _builder_version=&#8221;4.27.4&#8243; _module_preset=&#8221;default&#8221; global_colors_info=&#8221;{}&#8221;][et_pb_text _builder_version=&#8221;4.27.4&#8243; _module_preset=&#8221;default&#8221; header_2_font=&#8221;maleah||||||||&#8221; header_2_text_color=&#8221;#4D4545&#8243; header_2_font_size=&#8221;50px&#8221; custom_margin=&#8221;-15px|||||&#8221; global_colors_info=&#8221;{}&#8221;]<\/p>\n<h2>Targetes de visita<\/h2>\n<p>[\/et_pb_text][et_pb_text _builder_version=&#8221;4.27.4&#8243; _module_preset=&#8221;default&#8221; text_text_color=&#8221;#4D4545&#8243; custom_margin=&#8221;-14px|||||&#8221; global_colors_info=&#8221;{}&#8221;]<\/p>\n<p data-start=\"326\" data-end=\"506\">En un m\u00f3n digital, una targeta de visita segueix sent la millor manera de deixar empremta. \u00c9s el primer gest de confian\u00e7a, aquell detall que perdura quan la conversa s\u2019ha acabat. <\/p>\n<p data-start=\"513\" data-end=\"643\">Disseny de targetes de visita per descriure qui ets, que transmeten la imatge i l\u2019ess\u00e8ncia del teu negoci amb coher\u00e8ncia i senzillesa.<\/p>\n<p data-start=\"650\" data-end=\"769\">Igual que les targetes de fidelitzaci\u00f3, que fan que els teus clients tornin, recordin la teva marca i se sentin valorats.<\/p>\n<p data-start=\"776\" data-end=\"879\">Una bona comunicaci\u00f3 comen\u00e7a per un gest senzill\u2026 i una targeta que destaqui i sigui coherent, sempre \u00e9s una porta oberta.<\/p>\n<p>[\/et_pb_text][\/et_pb_column][\/et_pb_row][\/et_pb_section][et_pb_section fb_built=&#8221;1&#8243; _builder_version=&#8221;4.27.4&#8243; _module_preset=&#8221;default&#8221; global_colors_info=&#8221;{}&#8221;][et_pb_row _builder_version=&#8221;4.27.4&#8243; _module_preset=&#8221;default&#8221; background_color=&#8221;rgba(229,219,211,0.63)&#8221; border_radii=&#8221;on|18px|18px|18px|18px&#8221; global_colors_info=&#8221;{}&#8221;][et_pb_column type=&#8221;4_4&#8243; _builder_version=&#8221;4.27.4&#8243; _module_preset=&#8221;default&#8221; global_colors_info=&#8221;{}&#8221;][et_pb_text _builder_version=&#8221;4.27.4&#8243; _module_preset=&#8221;default&#8221; text_text_color=&#8221;#4D4545&#8243; text_font_size=&#8221;18px&#8221; header_2_font=&#8221;maleah||||||||&#8221; header_2_text_color=&#8221;#4D4545&#8243; header_2_font_size=&#8221;55px&#8221; text_orientation=&#8221;center&#8221; border_width_all=&#8221;35px&#8221; border_color_all=&#8221;rgba(229,219,211,0)&#8221; global_colors_info=&#8221;{}&#8221;]<\/p>\n<h2>Parlem?<\/h2>\n<p>Si tens una idea, un projecte o simplement vols saber com et puc ajudar, escriu-me! T&#8217;acompanyo pas a pas, escoltant el que el teu negoci necessita i assessorant-te sense comprom\u00eds. <\/p>\n<p>Estar\u00e9 encantada de con\u00e8ixer-te.<\/p>\n<p>[\/et_pb_text][et_pb_button button_text=&#8221;Contacta amb mi&#8221; button_alignment=&#8221;center&#8221; _builder_version=&#8221;4.27.4&#8243; _module_preset=&#8221;default&#8221; custom_button=&#8221;on&#8221; button_text_size=&#8221;18px&#8221; button_text_color=&#8221;#FFFFFF&#8221; button_bg_color=&#8221;#4D4545&#8243; button_border_width=&#8221;2px&#8221; button_border_color=&#8221;#4D4545&#8243; button_border_radius=&#8221;7px&#8221; button_font=&#8221;Ruda||||||||&#8221; button_icon=&#8221;&#x35;||divi||400&#8243; custom_margin=&#8221;-37px|||||&#8221; global_colors_info=&#8221;{}&#8221;][\/et_pb_button][\/et_pb_column][\/et_pb_row][\/et_pb_section][et_pb_section fb_built=&#8221;1&#8243; _builder_version=&#8221;4.27.4&#8243; _module_preset=&#8221;default&#8221; global_colors_info=&#8221;{}&#8221;][et_pb_row _builder_version=&#8221;4.27.4&#8243; _module_preset=&#8221;default&#8221; global_colors_info=&#8221;{}&#8221;][et_pb_column type=&#8221;4_4&#8243; _builder_version=&#8221;4.27.4&#8243; _module_preset=&#8221;default&#8221; global_colors_info=&#8221;{}&#8221;][et_pb_text _builder_version=&#8221;4.27.4&#8243; _module_preset=&#8221;default&#8221; header_2_font=&#8221;maleah||||||||&#8221; header_2_text_align=&#8221;left&#8221; header_2_text_color=&#8221;#4D4545&#8243; header_2_font_size=&#8221;50px&#8221; global_colors_info=&#8221;{}&#8221;]<\/p>\n<h2>Relacions que sumen:<\/h2>\n<p>[\/et_pb_text][\/et_pb_column][\/et_pb_row][et_pb_row column_structure=&#8221;1_6,1_6,1_6,1_6,1_6,1_6&#8243; _builder_version=&#8221;4.27.4&#8243; _module_preset=&#8221;default&#8221; global_colors_info=&#8221;{}&#8221;][et_pb_column type=&#8221;1_6&#8243; _builder_version=&#8221;4.27.4&#8243; _module_preset=&#8221;default&#8221; global_colors_info=&#8221;{}&#8221;][et_pb_image src=&#8221;https:\/\/nacrestudio.es\/wp-content\/uploads\/2025\/06\/Logo-ClinicaMent1.jpg&#8221; alt=&#8221;Clinicament-arta&#8221; title_text=&#8221;Clinicament-arta&#8221; _builder_version=&#8221;4.27.4&#8243; _module_preset=&#8221;default&#8221; global_colors_info=&#8221;{}&#8221;][\/et_pb_image][\/et_pb_column][et_pb_column type=&#8221;1_6&#8243; _builder_version=&#8221;4.27.4&#8243; _module_preset=&#8221;default&#8221; global_colors_info=&#8221;{}&#8221;][et_pb_image src=&#8221;https:\/\/nacrestudio.es\/wp-content\/uploads\/2025\/07\/sarreldellevant_logo.png&#8221; alt=&#8221;sarrel-de-llevant&#8221; title_text=&#8221;sarrel-de-llevant&#8221; align=&#8221;center&#8221; _builder_version=&#8221;4.27.4&#8243; _module_preset=&#8221;default&#8221; width=&#8221;45%&#8221; global_colors_info=&#8221;{}&#8221;][\/et_pb_image][\/et_pb_column][et_pb_column type=&#8221;1_6&#8243; _builder_version=&#8221;4.27.4&#8243; _module_preset=&#8221;default&#8221; global_colors_info=&#8221;{}&#8221;][et_pb_image src=&#8221;https:\/\/nacrestudio.es\/wp-content\/uploads\/2025\/06\/Felisa_Bakery_logo_vectorizado.png&#8221; alt=&#8221;Felisa-bakery-&amp;-co-pastisseria&#8221; title_text=&#8221;Felisa-bakery-&amp;-co-pastisseria&#8221; align=&#8221;center&#8221; _builder_version=&#8221;4.27.4&#8243; _module_preset=&#8221;default&#8221; width=&#8221;58%&#8221; global_colors_info=&#8221;{}&#8221;][\/et_pb_image][\/et_pb_column][et_pb_column type=&#8221;1_6&#8243; _builder_version=&#8221;4.27.4&#8243; _module_preset=&#8221;default&#8221; global_colors_info=&#8221;{}&#8221;][et_pb_image src=&#8221;https:\/\/nacrestudio.es\/wp-content\/uploads\/2025\/10\/CatiLogo3-scaled.png&#8221; title_text=&#8221;cati-artigues-il\u00b7lustraci\u00f3&#8221; _builder_version=&#8221;4.27.4&#8243; _module_preset=&#8221;default&#8221; width=&#8221;100%&#8221; global_colors_info=&#8221;{}&#8221;][\/et_pb_image][\/et_pb_column][et_pb_column type=&#8221;1_6&#8243; _builder_version=&#8221;4.27.4&#8243; _module_preset=&#8221;default&#8221; global_colors_info=&#8221;{}&#8221;][et_pb_image src=&#8221;https:\/\/nacrestudio.es\/wp-content\/uploads\/2025\/06\/WhatsApp-Image-2025-06-24-at-17.34.26.jpeg&#8221; alt=&#8221;DUHE-Salut-capil\u00b7lar&#8221; title_text=&#8221;DUHE-Salut-capil\u00b7lar&#8221; align=&#8221;center&#8221; _builder_version=&#8221;4.27.4&#8243; _module_preset=&#8221;default&#8221; width=&#8221;62%&#8221; global_colors_info=&#8221;{}&#8221;][\/et_pb_image][\/et_pb_column][et_pb_column type=&#8221;1_6&#8243; _builder_version=&#8221;4.27.4&#8243; _module_preset=&#8221;default&#8221; global_colors_info=&#8221;{}&#8221;][et_pb_image src=&#8221;https:\/\/nacrestudio.es\/wp-content\/uploads\/2025\/06\/Logo-pizzeria-napolonia-2.png&#8221; alt=&#8221;N&#039;apolonia-pizzeria-arta&#8221; title_text=&#8221;N&#039;apolonia-pizzeria-arta&#8221; align=&#8221;center&#8221; _builder_version=&#8221;4.27.4&#8243; _module_preset=&#8221;default&#8221; custom_margin=&#8221;||-7px|||&#8221; global_colors_info=&#8221;{}&#8221;][\/et_pb_image][\/et_pb_column][\/et_pb_row][et_pb_row column_structure=&#8221;1_6,1_6,1_6,1_6,1_6,1_6&#8243; _builder_version=&#8221;4.27.4&#8243; _module_preset=&#8221;default&#8221; global_colors_info=&#8221;{}&#8221;][et_pb_column type=&#8221;1_6&#8243; _builder_version=&#8221;4.27.4&#8243; _module_preset=&#8221;default&#8221; global_colors_info=&#8221;{}&#8221;][et_pb_image src=&#8221;https:\/\/nacrestudio.es\/wp-content\/uploads\/2025\/09\/logo-forn-ca-namer.png&#8221; title_text=&#8221;logo-forn-ca-namer&#8221; align=&#8221;center&#8221; _builder_version=&#8221;4.27.4&#8243; _module_preset=&#8221;default&#8221; width=&#8221;60%&#8221; global_colors_info=&#8221;{}&#8221;][\/et_pb_image][\/et_pb_column][et_pb_column type=&#8221;1_6&#8243; _builder_version=&#8221;4.27.4&#8243; _module_preset=&#8221;default&#8221; global_colors_info=&#8221;{}&#8221;][et_pb_image src=&#8221;https:\/\/nacrestudio.es\/wp-content\/uploads\/2025\/09\/pastisseria-ramis.webp&#8221; title_text=&#8221;pastisseria-ramis&#8221; align=&#8221;center&#8221; _builder_version=&#8221;4.27.4&#8243; _module_preset=&#8221;default&#8221; width=&#8221;60%&#8221; global_colors_info=&#8221;{}&#8221;][\/et_pb_image][\/et_pb_column][et_pb_column type=&#8221;1_6&#8243; _builder_version=&#8221;4.27.4&#8243; _module_preset=&#8221;default&#8221; global_colors_info=&#8221;{}&#8221;][et_pb_image src=&#8221;https:\/\/nacrestudio.es\/wp-content\/uploads\/2025\/11\/SYL_Logo.webp&#8221; title_text=&#8221;SYL_Logo&#8221; url=&#8221;https:\/\/www.julianekrokowski.com\/&#8221; align=&#8221;center&#8221; _builder_version=&#8221;4.27.4&#8243; _module_preset=&#8221;default&#8221; width=&#8221;60%&#8221; global_colors_info=&#8221;{}&#8221;][\/et_pb_image][\/et_pb_column][et_pb_column type=&#8221;1_6&#8243; _builder_version=&#8221;4.27.4&#8243; _module_preset=&#8221;default&#8221; global_colors_info=&#8221;{}&#8221;][et_pb_image src=&#8221;https:\/\/nacrestudio.es\/wp-content\/uploads\/2025\/11\/logo_publifer_mini-CzqwHzru.webp&#8221; title_text=&#8221;logo_publifer_mini-CzqwHzru&#8221; url=&#8221;https:\/\/publifercm.com\/&#8221; align=&#8221;center&#8221; _builder_version=&#8221;4.27.4&#8243; _module_preset=&#8221;default&#8221; width=&#8221;65%&#8221; global_colors_info=&#8221;{}&#8221;][\/et_pb_image][\/et_pb_column][et_pb_column type=&#8221;1_6&#8243; _builder_version=&#8221;4.27.4&#8243; _module_preset=&#8221;default&#8221; global_colors_info=&#8221;{}&#8221;][et_pb_image src=&#8221;https:\/\/nacrestudio.es\/wp-content\/uploads\/2025\/11\/dog_and_roll_logotipo.png&#8221; alt=&#8221;Felisa-bakery-&amp;-co-pastisseria&#8221; title_text=&#8221;dog_and_roll_logotip&#8221; align=&#8221;center&#8221; _builder_version=&#8221;4.27.4&#8243; _module_preset=&#8221;default&#8221; width=&#8221;65%&#8221; global_colors_info=&#8221;{}&#8221;][\/et_pb_image][\/et_pb_column][et_pb_column type=&#8221;1_6&#8243; _builder_version=&#8221;4.27.4&#8243; _module_preset=&#8221;default&#8221; global_colors_info=&#8221;{}&#8221;][et_pb_image src=&#8221;https:\/\/nacrestudio.es\/wp-content\/uploads\/2025\/11\/logo-mariaantonia-proposta2-3.png&#8221; title_text=&#8221;logo-mariaantonia-proposta2 (3)&#8221; url=&#8221;https:\/\/www.instagram.com\/mantoniatrainer\/&#8221; align=&#8221;center&#8221; _builder_version=&#8221;4.27.4&#8243; _module_preset=&#8221;default&#8221; custom_margin=&#8221;-34px|||||&#8221; custom_padding=&#8221;0px|||||&#8221; global_colors_info=&#8221;{}&#8221;][\/et_pb_image][\/et_pb_column][\/et_pb_row][\/et_pb_section]<\/p>\n","protected":false},"excerpt":{"rendered":"<p>Nacre Studio Estudi de comunicaci\u00f3Estudi de comunicaci\u00f3Benvingut\/da a un espai de creaci\u00f3, on qualsevol idea \u00e9s v\u00e0lida, encara que no tinguis gaire clar com fer-ho. A trav\u00e9s de la conversa, prenent un caf\u00e8, analitzarem el que necessites i com podem aconseguir-ho. Tenir una bona comunicaci\u00f3 amb els clients suposa la creaci\u00f3 d&#8217;un vincle especial, que [&hellip;]<\/p>\n","protected":false},"author":1,"featured_media":0,"parent":0,"menu_order":0,"comment_status":"closed","ping_status":"closed","template":"","meta":{"_et_pb_use_builder":"on","_et_pb_old_content":"","_et_gb_content_width":"","footnotes":""},"class_list":["post-508","page","type-page","status-publish","hentry"],"jetpack_sharing_enabled":true,"_links":{"self":[{"href":"https:\/\/nacrestudio.es\/ca\/wp-json\/wp\/v2\/pages\/508","targetHints":{"allow":["GET"]}}],"collection":[{"href":"https:\/\/nacrestudio.es\/ca\/wp-json\/wp\/v2\/pages"}],"about":[{"href":"https:\/\/nacrestudio.es\/ca\/wp-json\/wp\/v2\/types\/page"}],"author":[{"embeddable":true,"href":"https:\/\/nacrestudio.es\/ca\/wp-json\/wp\/v2\/users\/1"}],"replies":[{"embeddable":true,"href":"https:\/\/nacrestudio.es\/ca\/wp-json\/wp\/v2\/comments?post=508"}],"version-history":[{"count":6,"href":"https:\/\/nacrestudio.es\/ca\/wp-json\/wp\/v2\/pages\/508\/revisions"}],"predecessor-version":[{"id":539,"href":"https:\/\/nacrestudio.es\/ca\/wp-json\/wp\/v2\/pages\/508\/revisions\/539"}],"wp:attachment":[{"href":"https:\/\/nacrestudio.es\/ca\/wp-json\/wp\/v2\/media?parent=508"}],"curies":[{"name":"wp","href":"https:\/\/api.w.org\/{rel}","templated":true}]}}